{"id":4702,"date":"2024-09-02T16:35:17","date_gmt":"2024-09-02T14:35:17","guid":{"rendered":"https:\/\/www.powerstore.it\/?page_id=4702"},"modified":"2024-09-02T16:44:05","modified_gmt":"2024-09-02T14:44:05","slug":"stampa-3d","status":"publish","type":"page","link":"https:\/\/www.powerstore.it\/it\/stampa-3d\/","title":{"rendered":"Stampa 3D"},"content":{"rendered":"<p><div class=\"fusion-fullwidth fullwidth-box fusion-builder-row-1 fusion-flex-container has-pattern-background has-mask-background nonhundred-percent-fullwidth non-hundred-percent-height-scrolling\" style=\"--awb-border-radius-top-left:0px;--awb-border-radius-top-right:0px;--awb-border-radius-bottom-right:0px;--awb-border-radius-bottom-left:0px;--awb-flex-wrap:wrap;\" ><div class=\"fusion-builder-row fusion-row fusion-flex-align-items-flex-start fusion-flex-content-wrap\" style=\"max-width:1144px;margin-left: calc(-4% \/ 2 );margin-right: calc(-4% \/ 2 );\"><div class=\"fusion-layout-column fusion_builder_column fusion-builder-column-0 fusion_builder_column_1_1 1_1 fusion-flex-column\" style=\"--awb-bg-size:cover;--awb-width-large:100%;--awb-margin-top-large:15px;--awb-spacing-right-large:1.92%;--awb-margin-bottom-large:50px;--awb-spacing-left-large:1.92%;--awb-width-medium:100%;--awb-order-medium:0;--awb-spacing-right-medium:1.92%;--awb-spacing-left-medium:1.92%;--awb-width-small:100%;--awb-order-small:0;--awb-spacing-right-small:1.92%;--awb-spacing-left-small:1.92%;\" data-scroll-devices=\"small-visibility,medium-visibility,large-visibility\"><div class=\"fusion-column-wrapper fusion-column-has-shadow fusion-flex-justify-content-flex-start fusion-content-layout-column\"><div class=\"fusion-title title fusion-title-1 fusion-title-text fusion-title-size-one\"><div class=\"title-sep-container title-sep-container-left fusion-no-large-visibility fusion-no-medium-visibility fusion-no-small-visibility\"><div class=\"title-sep sep-double sep-solid\" style=\"border-color:#e0dede;\"><\/div><\/div><span class=\"awb-title-spacer fusion-no-large-visibility fusion-no-medium-visibility fusion-no-small-visibility\"><\/span><h1 class=\"fusion-title-heading title-heading-left\" style=\"margin:0;\"><p style=\"text-align: center;\"><strong>Stampa 3D per privati e piccole imprese.<\/strong><br \/>\n<strong>Pezzi stampati in 3D perfetti per il vostro hobby, prototipi, pezzi di ricambio o anche per la produzione su piccola scala.<\/strong><\/p><\/h1><span class=\"awb-title-spacer\"><\/span><div class=\"title-sep-container title-sep-container-right\"><div class=\"title-sep sep-double sep-solid\" style=\"border-color:#e0dede;\"><\/div><\/div><\/div><\/div><\/div><div class=\"fusion-layout-column fusion_builder_column fusion-builder-column-1 fusion_builder_column_1_2 1_2 fusion-flex-column\" style=\"--awb-bg-size:cover;--awb-width-large:50%;--awb-margin-top-large:0px;--awb-spacing-right-large:3.84%;--awb-margin-bottom-large:0px;--awb-spacing-left-large:3.84%;--awb-width-medium:100%;--awb-spacing-right-medium:1.92%;--awb-spacing-left-medium:1.92%;--awb-width-small:100%;--awb-spacing-right-small:1.92%;--awb-spacing-left-small:1.92%;\"><div class=\"fusion-column-wrapper fusion-flex-justify-content-flex-start fusion-content-layout-column\"><div class=\"fusion-text fusion-text-1\"><p><strong>POWERSTORE IL VOSTRO SERVIZIO DI STAMPA 3D MADE IN ALTO ADIGE<\/strong><\/p>\n<p>Offriamo il servizio giusto per ogni possibile applicazione. <strong>Soprattutto i privati si chiedono spesso<\/strong>: \u201cVale la pena fare una richiesta?\u201d. La risposta \u00e8 semplice: \u201cS\u00ec, sicuramente\u201d.<\/p>\n<p>Soprattutto in ambito privato, i componenti pi\u00f9 piccoli si rompono spesso (ad esempio negli elettrodomestici da cucina), il che \u00e8 ovviamente molto fastidioso e pu\u00f2 essere molto costoso, soprattutto se i pezzi di ricambio non sono pi\u00f9 disponibili presso il produttore. <strong>Tuttavia, le parti stampate in 3D a basso costo possono spesso essere d&#8217;aiuto in questi casi.<\/strong><\/p>\n<p>Che si tratti di applicazioni per hobby, casa, giardino o decorazione: siamo il vostro fornitore di servizi di stampa 3D e non facciamo distinzione tra privati e aziende. <strong>Ogni cliente riceve da noi lo stesso servizio veloce e affidabile che si merita.<\/strong><\/p>\n<\/div><\/div><\/div><div class=\"fusion-layout-column fusion_builder_column fusion-builder-column-2 fusion_builder_column_1_2 1_2 fusion-flex-column\" style=\"--awb-bg-size:cover;--awb-width-large:50%;--awb-margin-top-large:0px;--awb-spacing-right-large:3.84%;--awb-margin-bottom-large:0px;--awb-spacing-left-large:3.84%;--awb-width-medium:100%;--awb-spacing-right-medium:1.92%;--awb-spacing-left-medium:1.92%;--awb-width-small:100%;--awb-spacing-right-small:1.92%;--awb-spacing-left-small:1.92%;\"><div class=\"fusion-column-wrapper fusion-flex-justify-content-flex-start fusion-content-layout-column\"><div class=\"fusion-image-element \" style=\"--awb-caption-title-font-family:var(--h2_typography-font-family);--awb-caption-title-font-weight:var(--h2_typography-font-weight);--awb-caption-title-font-style:var(--h2_typography-font-style);--awb-caption-title-size:var(--h2_typography-font-size);--awb-caption-title-transform:var(--h2_typography-text-transform);--awb-caption-title-line-height:var(--h2_typography-line-height);--awb-caption-title-letter-spacing:var(--h2_typography-letter-spacing);\"><span class=\" fusion-imageframe imageframe-none imageframe-1 hover-type-none\"><img decoding=\"async\" width=\"871\" height=\"1024\" title=\"3d2\" src=\"https:\/\/www.powerstore.it\/wp-content\/uploads\/2024\/09\/3d2-871x1024.jpg\" alt class=\"img-responsive wp-image-4679\" srcset=\"https:\/\/www.powerstore.it\/wp-content\/uploads\/2024\/09\/3d2-200x235.jpg 200w, https:\/\/www.powerstore.it\/wp-content\/uploads\/2024\/09\/3d2-400x470.jpg 400w, https:\/\/www.powerstore.it\/wp-content\/uploads\/2024\/09\/3d2-600x706.jpg 600w, https:\/\/www.powerstore.it\/wp-content\/uploads\/2024\/09\/3d2-800x941.jpg 800w, https:\/\/www.powerstore.it\/wp-content\/uploads\/2024\/09\/3d2-1200x1411.jpg 1200w\" sizes=\"(max-width: 1024px) 100vw, (max-width: 640px) 100vw, 600px\" \/><\/span><\/div><\/div><\/div><\/div><\/div><div class=\"fusion-fullwidth fullwidth-box fusion-builder-row-2 fusion-flex-container has-pattern-background has-mask-background nonhundred-percent-fullwidth non-hundred-percent-height-scrolling\" style=\"--awb-border-radius-top-left:0px;--awb-border-radius-top-right:0px;--awb-border-radius-bottom-right:0px;--awb-border-radius-bottom-left:0px;--awb-margin-top:15px;--awb-background-color:var(--awb-custom17);--awb-flex-wrap:wrap;\" ><div class=\"fusion-builder-row fusion-row fusion-flex-align-items-flex-start fusion-flex-content-wrap\" style=\"max-width:1144px;margin-left: calc(-4% \/ 2 );margin-right: calc(-4% \/ 2 );\"><div class=\"fusion-layout-column fusion_builder_column fusion-builder-column-3 fusion_builder_column_1_1 1_1 fusion-flex-column\" style=\"--awb-bg-size:cover;--awb-width-large:100%;--awb-margin-top-large:0px;--awb-spacing-right-large:1.92%;--awb-margin-bottom-large:0px;--awb-spacing-left-large:1.92%;--awb-width-medium:100%;--awb-spacing-right-medium:1.92%;--awb-spacing-left-medium:1.92%;--awb-width-small:100%;--awb-spacing-right-small:1.92%;--awb-spacing-left-small:1.92%;\"><div class=\"fusion-column-wrapper fusion-flex-justify-content-flex-start fusion-content-layout-column\"><div class=\"fusion-title title fusion-title-2 fusion-title-text fusion-title-size-one\"><div class=\"title-sep-container title-sep-container-left fusion-no-large-visibility fusion-no-medium-visibility fusion-no-small-visibility\"><div class=\"title-sep sep-double sep-solid\" style=\"border-color:#e0dede;\"><\/div><\/div><span class=\"awb-title-spacer fusion-no-large-visibility fusion-no-medium-visibility fusion-no-small-visibility\"><\/span><h1 class=\"fusion-title-heading title-heading-left\" style=\"margin:0;\"><p style=\"text-align: center;\"><strong>Creiamo il disegno 3D necessario per la stampa 3D<\/strong><\/p><\/h1><span class=\"awb-title-spacer\"><\/span><div class=\"title-sep-container title-sep-container-right\"><div class=\"title-sep sep-double sep-solid\" style=\"border-color:#e0dede;\"><\/div><\/div><\/div><\/div><\/div><div class=\"fusion-layout-column fusion_builder_column fusion-builder-column-4 fusion_builder_column_1_3 1_3 fusion-flex-column\" style=\"--awb-bg-size:cover;--awb-width-large:33.3333333333%;--awb-margin-top-large:0px;--awb-spacing-right-large:5.76%;--awb-margin-bottom-large:0px;--awb-spacing-left-large:5.76%;--awb-width-medium:100%;--awb-spacing-right-medium:1.92%;--awb-spacing-left-medium:1.92%;--awb-width-small:100%;--awb-spacing-right-small:1.92%;--awb-spacing-left-small:1.92%;\"><div class=\"fusion-column-wrapper fusion-flex-justify-content-flex-start fusion-content-layout-column\"><div class=\"fusion-text fusion-text-2\"><p>Se \u00e8 tecnicamente fattibile stampare il componente, siamo in grado di creare un disegno 3D dimensionalmente accurato. Lo esaminiamo per individuare eventuali punti deboli, lo discutiamo con voi e, se necessario, lo ottimizziamo di conseguenza. Naturalmente anche la stampa in 3D da disegni 3D o modelli 3D creati da voi in formato STL \u00e8 possibile.<\/p>\n<\/div><\/div><\/div><div class=\"fusion-layout-column fusion_builder_column fusion-builder-column-5 fusion_builder_column_1_3 1_3 fusion-flex-column\" style=\"--awb-bg-size:cover;--awb-width-large:33.3333333333%;--awb-margin-top-large:0px;--awb-spacing-right-large:5.76%;--awb-margin-bottom-large:0px;--awb-spacing-left-large:5.76%;--awb-width-medium:100%;--awb-spacing-right-medium:1.92%;--awb-spacing-left-medium:1.92%;--awb-width-small:100%;--awb-spacing-right-small:1.92%;--awb-spacing-left-small:1.92%;\"><div class=\"fusion-column-wrapper fusion-flex-justify-content-flex-start fusion-content-layout-column\"><div class=\"fusion-text fusion-text-3\"><p>Se avete un&#8217;idea per un componente richiesto e non disponete di un modello o dell&#8217;originale, non esitate a contattarci.<strong> Insieme svilupperemo un modello 3D adatto, esattamente in base alle vostre necessit\u00e0.<\/strong><\/p>\n<\/div><\/div><\/div><div class=\"fusion-layout-column fusion_builder_column fusion-builder-column-6 fusion_builder_column_1_3 1_3 fusion-flex-column\" style=\"--awb-bg-size:cover;--awb-width-large:33.3333333333%;--awb-margin-top-large:0px;--awb-spacing-right-large:5.76%;--awb-margin-bottom-large:0px;--awb-spacing-left-large:5.76%;--awb-width-medium:100%;--awb-spacing-right-medium:1.92%;--awb-spacing-left-medium:1.92%;--awb-width-small:100%;--awb-spacing-right-small:1.92%;--awb-spacing-left-small:1.92%;\"><div class=\"fusion-column-wrapper fusion-flex-justify-content-flex-start fusion-content-layout-column\"><div class=\"fusion-text fusion-text-4\"><p>Si procede selezionando il materiale adatto all&#8217;applicazione nel colore desiderato (\u00e8 possibile la stampa multicolore). I materiali per la stampa 3D sono ABS, ASA, FIBRA DI CARBONIO, PLA, PETG, TPU, PA, ecc.<\/p>\n<p><strong>La cosa migliore da fare \u00e8 vfarci visita presso la nostra filiale di Ora per una consulenza personale.<\/strong><\/p>\n<\/div><\/div><\/div><\/div><\/div><div class=\"fusion-fullwidth fullwidth-box fusion-builder-row-3 fusion-flex-container has-pattern-background has-mask-background nonhundred-percent-fullwidth non-hundred-percent-height-scrolling\" style=\"--awb-border-radius-top-left:0px;--awb-border-radius-top-right:0px;--awb-border-radius-bottom-right:0px;--awb-border-radius-bottom-left:0px;--awb-margin-top:15px;--awb-background-color:var(--awb-color2);--awb-flex-wrap:wrap;\" ><div class=\"fusion-builder-row fusion-row fusion-flex-align-items-flex-start fusion-flex-content-wrap\" style=\"max-width:1144px;margin-left: calc(-4% \/ 2 );margin-right: calc(-4% \/ 2 );\"><div class=\"fusion-layout-column fusion_builder_column fusion-builder-column-7 fusion_builder_column_2_3 2_3 fusion-flex-column\" style=\"--awb-bg-size:cover;--awb-width-large:66.6666666667%;--awb-margin-top-large:0px;--awb-spacing-right-large:2.88%;--awb-margin-bottom-large:0px;--awb-spacing-left-large:2.88%;--awb-width-medium:100%;--awb-spacing-right-medium:1.92%;--awb-spacing-left-medium:1.92%;--awb-width-small:100%;--awb-spacing-right-small:1.92%;--awb-spacing-left-small:1.92%;\"><div class=\"fusion-column-wrapper fusion-flex-justify-content-flex-start fusion-content-layout-column\"><div class=\"fusion-builder-row fusion-builder-row-inner fusion-row fusion-flex-align-items-flex-start fusion-flex-content-wrap\" style=\"width:104% !important;max-width:104% !important;margin-left: calc(-4% \/ 2 );margin-right: calc(-4% \/ 2 );\"><div class=\"fusion-layout-column fusion_builder_column_inner fusion-builder-nested-column-0 fusion_builder_column_inner_1_2 1_2 fusion-flex-column\" style=\"--awb-bg-size:cover;--awb-width-large:50%;--awb-margin-top-large:0px;--awb-spacing-right-large:3.84%;--awb-margin-bottom-large:20px;--awb-spacing-left-large:3.84%;--awb-width-medium:100%;--awb-order-medium:0;--awb-spacing-right-medium:1.92%;--awb-spacing-left-medium:1.92%;--awb-width-small:100%;--awb-order-small:0;--awb-spacing-right-small:1.92%;--awb-spacing-left-small:1.92%;\"><div class=\"fusion-column-wrapper fusion-column-has-shadow fusion-flex-justify-content-flex-start fusion-content-layout-column\"><div class=\"fusion-image-element \" style=\"--awb-caption-title-font-family:var(--h2_typography-font-family);--awb-caption-title-font-weight:var(--h2_typography-font-weight);--awb-caption-title-font-style:var(--h2_typography-font-style);--awb-caption-title-size:var(--h2_typography-font-size);--awb-caption-title-transform:var(--h2_typography-text-transform);--awb-caption-title-line-height:var(--h2_typography-line-height);--awb-caption-title-letter-spacing:var(--h2_typography-letter-spacing);\"><span class=\" fusion-imageframe imageframe-none imageframe-2 hover-type-none\"><img decoding=\"async\" width=\"800\" height=\"500\" title=\"3d druck a_web\" src=\"https:\/\/www.powerstore.it\/wp-content\/uploads\/2024\/09\/3d-druck-a_web.png\" alt class=\"img-responsive wp-image-4685\" srcset=\"https:\/\/www.powerstore.it\/wp-content\/uploads\/2024\/09\/3d-druck-a_web-200x125.png 200w, https:\/\/www.powerstore.it\/wp-content\/uploads\/2024\/09\/3d-druck-a_web-400x250.png 400w, https:\/\/www.powerstore.it\/wp-content\/uploads\/2024\/09\/3d-druck-a_web-600x375.png 600w, https:\/\/www.powerstore.it\/wp-content\/uploads\/2024\/09\/3d-druck-a_web.png 800w\" sizes=\"(max-width: 1024px) 100vw, (max-width: 640px) 100vw, 600px\" \/><\/span><\/div><\/div><\/div><div class=\"fusion-layout-column fusion_builder_column_inner fusion-builder-nested-column-1 fusion_builder_column_inner_1_2 1_2 fusion-flex-column\" style=\"--awb-bg-size:cover;--awb-width-large:50%;--awb-margin-top-large:0px;--awb-spacing-right-large:3.84%;--awb-margin-bottom-large:20px;--awb-spacing-left-large:3.84%;--awb-width-medium:100%;--awb-order-medium:0;--awb-spacing-right-medium:1.92%;--awb-spacing-left-medium:1.92%;--awb-width-small:100%;--awb-order-small:0;--awb-spacing-right-small:1.92%;--awb-spacing-left-small:1.92%;\"><div class=\"fusion-column-wrapper fusion-column-has-shadow fusion-flex-justify-content-flex-start fusion-content-layout-column\"><div class=\"fusion-image-element \" style=\"--awb-caption-title-font-family:var(--h2_typography-font-family);--awb-caption-title-font-weight:var(--h2_typography-font-weight);--awb-caption-title-font-style:var(--h2_typography-font-style);--awb-caption-title-size:var(--h2_typography-font-size);--awb-caption-title-transform:var(--h2_typography-text-transform);--awb-caption-title-line-height:var(--h2_typography-line-height);--awb-caption-title-letter-spacing:var(--h2_typography-letter-spacing);\"><span class=\" fusion-imageframe imageframe-none imageframe-3 hover-type-none\"><img decoding=\"async\" width=\"800\" height=\"500\" title=\"3d druck c_web\" src=\"https:\/\/www.powerstore.it\/wp-content\/uploads\/2024\/09\/3d-druck-c_web.png\" alt class=\"img-responsive wp-image-4689\" srcset=\"https:\/\/www.powerstore.it\/wp-content\/uploads\/2024\/09\/3d-druck-c_web-200x125.png 200w, https:\/\/www.powerstore.it\/wp-content\/uploads\/2024\/09\/3d-druck-c_web-400x250.png 400w, https:\/\/www.powerstore.it\/wp-content\/uploads\/2024\/09\/3d-druck-c_web-600x375.png 600w, https:\/\/www.powerstore.it\/wp-content\/uploads\/2024\/09\/3d-druck-c_web.png 800w\" sizes=\"(max-width: 1024px) 100vw, (max-width: 640px) 100vw, 600px\" \/><\/span><\/div><\/div><\/div><div class=\"fusion-layout-column fusion_builder_column_inner fusion-builder-nested-column-2 fusion_builder_column_inner_1_2 1_2 fusion-flex-column\" style=\"--awb-bg-size:cover;--awb-width-large:50%;--awb-margin-top-large:0px;--awb-spacing-right-large:3.84%;--awb-margin-bottom-large:20px;--awb-spacing-left-large:3.84%;--awb-width-medium:100%;--awb-order-medium:0;--awb-spacing-right-medium:1.92%;--awb-spacing-left-medium:1.92%;--awb-width-small:100%;--awb-order-small:0;--awb-spacing-right-small:1.92%;--awb-spacing-left-small:1.92%;\"><div class=\"fusion-column-wrapper fusion-column-has-shadow fusion-flex-justify-content-flex-start fusion-content-layout-column\"><div class=\"fusion-image-element \" style=\"--awb-caption-title-font-family:var(--h2_typography-font-family);--awb-caption-title-font-weight:var(--h2_typography-font-weight);--awb-caption-title-font-style:var(--h2_typography-font-style);--awb-caption-title-size:var(--h2_typography-font-size);--awb-caption-title-transform:var(--h2_typography-text-transform);--awb-caption-title-line-height:var(--h2_typography-line-height);--awb-caption-title-letter-spacing:var(--h2_typography-letter-spacing);\"><span class=\" fusion-imageframe imageframe-none imageframe-4 hover-type-none\"><img decoding=\"async\" width=\"800\" height=\"500\" title=\"3d druck b_web\" src=\"https:\/\/www.powerstore.it\/wp-content\/uploads\/2024\/09\/3d-druck-b_web.png\" alt class=\"img-responsive wp-image-4687\" srcset=\"https:\/\/www.powerstore.it\/wp-content\/uploads\/2024\/09\/3d-druck-b_web-200x125.png 200w, https:\/\/www.powerstore.it\/wp-content\/uploads\/2024\/09\/3d-druck-b_web-400x250.png 400w, https:\/\/www.powerstore.it\/wp-content\/uploads\/2024\/09\/3d-druck-b_web-600x375.png 600w, https:\/\/www.powerstore.it\/wp-content\/uploads\/2024\/09\/3d-druck-b_web.png 800w\" sizes=\"(max-width: 1024px) 100vw, (max-width: 640px) 100vw, 600px\" \/><\/span><\/div><\/div><\/div><div class=\"fusion-layout-column fusion_builder_column_inner fusion-builder-nested-column-3 fusion_builder_column_inner_1_2 1_2 fusion-flex-column\" style=\"--awb-bg-size:cover;--awb-width-large:50%;--awb-margin-top-large:0px;--awb-spacing-right-large:3.84%;--awb-margin-bottom-large:20px;--awb-spacing-left-large:3.84%;--awb-width-medium:100%;--awb-order-medium:0;--awb-spacing-right-medium:1.92%;--awb-spacing-left-medium:1.92%;--awb-width-small:100%;--awb-order-small:0;--awb-spacing-right-small:1.92%;--awb-spacing-left-small:1.92%;\"><div class=\"fusion-column-wrapper fusion-column-has-shadow fusion-flex-justify-content-flex-start fusion-content-layout-column\"><div class=\"fusion-image-element \" style=\"--awb-caption-title-font-family:var(--h2_typography-font-family);--awb-caption-title-font-weight:var(--h2_typography-font-weight);--awb-caption-title-font-style:var(--h2_typography-font-style);--awb-caption-title-size:var(--h2_typography-font-size);--awb-caption-title-transform:var(--h2_typography-text-transform);--awb-caption-title-line-height:var(--h2_typography-line-height);--awb-caption-title-letter-spacing:var(--h2_typography-letter-spacing);\"><span class=\" fusion-imageframe imageframe-none imageframe-5 hover-type-none\"><img decoding=\"async\" width=\"800\" height=\"500\" title=\"3d druck d_web\" src=\"https:\/\/www.powerstore.it\/wp-content\/uploads\/2024\/09\/3d-druck-d_web.png\" alt class=\"img-responsive wp-image-4691\" srcset=\"https:\/\/www.powerstore.it\/wp-content\/uploads\/2024\/09\/3d-druck-d_web-200x125.png 200w, https:\/\/www.powerstore.it\/wp-content\/uploads\/2024\/09\/3d-druck-d_web-400x250.png 400w, https:\/\/www.powerstore.it\/wp-content\/uploads\/2024\/09\/3d-druck-d_web-600x375.png 600w, https:\/\/www.powerstore.it\/wp-content\/uploads\/2024\/09\/3d-druck-d_web.png 800w\" sizes=\"(max-width: 1024px) 100vw, (max-width: 640px) 100vw, 600px\" \/><\/span><\/div><\/div><\/div><\/div><\/div><\/div><div class=\"fusion-layout-column fusion_builder_column fusion-builder-column-8 fusion_builder_column_1_3 1_3 fusion-flex-column\" style=\"--awb-bg-size:cover;--awb-width-large:33.3333333333%;--awb-margin-top-large:0px;--awb-spacing-right-large:5.76%;--awb-margin-bottom-large:0px;--awb-spacing-left-large:5.76%;--awb-width-medium:100%;--awb-spacing-right-medium:1.92%;--awb-spacing-left-medium:1.92%;--awb-width-small:100%;--awb-spacing-right-small:1.92%;--awb-spacing-left-small:1.92%;\"><div class=\"fusion-column-wrapper fusion-flex-justify-content-flex-start fusion-content-layout-column\"><div class=\"fusion-image-element \" style=\"--awb-caption-title-font-family:var(--h2_typography-font-family);--awb-caption-title-font-weight:var(--h2_typography-font-weight);--awb-caption-title-font-style:var(--h2_typography-font-style);--awb-caption-title-size:var(--h2_typography-font-size);--awb-caption-title-transform:var(--h2_typography-text-transform);--awb-caption-title-line-height:var(--h2_typography-line-height);--awb-caption-title-letter-spacing:var(--h2_typography-letter-spacing);\"><span class=\" fusion-imageframe imageframe-none imageframe-6 hover-type-none\"><img decoding=\"async\" width=\"375\" height=\"500\" title=\"3d druck e_web\" src=\"https:\/\/www.powerstore.it\/wp-content\/uploads\/2024\/09\/3d-druck-e_web.jpg\" alt class=\"img-responsive wp-image-4694\" srcset=\"https:\/\/www.powerstore.it\/wp-content\/uploads\/2024\/09\/3d-druck-e_web-200x267.jpg 200w, https:\/\/www.powerstore.it\/wp-content\/uploads\/2024\/09\/3d-druck-e_web.jpg 375w\" sizes=\"(max-width: 1024px) 100vw, (max-width: 640px) 100vw, 375px\" \/><\/span><\/div><\/div><\/div><\/div><\/div><\/p>\n","protected":false},"excerpt":{"rendered":"","protected":false},"author":1,"featured_media":0,"parent":0,"menu_order":0,"comment_status":"open","ping_status":"open","template":"100-width.php","meta":{"footnotes":""},"class_list":["post-4702","page","type-page","status-publish","hentry"],"yoast_head":"<!-- This site is optimized with the Yoast SEO plugin v23.4 - https:\/\/yoast.com\/wordpress\/plugins\/seo\/ -->\n<title>Stampa 3D - Powerstore Computers<\/title>\n<meta name=\"robots\" content=\"index, follow, max-snippet:-1, max-image-preview:large, max-video-preview:-1\" \/>\n<link rel=\"canonical\" href=\"https:\/\/www.powerstore.it\/it\/stampa-3d\/\" \/>\n<meta property=\"og:locale\" content=\"it_IT\" \/>\n<meta property=\"og:type\" content=\"article\" \/>\n<meta property=\"og:title\" content=\"Stampa 3D - Powerstore Computers\" \/>\n<meta property=\"og:url\" content=\"https:\/\/www.powerstore.it\/it\/stampa-3d\/\" \/>\n<meta property=\"og:site_name\" content=\"Powerstore Computers\" \/>\n<meta property=\"article:modified_time\" content=\"2024-09-02T14:44:05+00:00\" \/>\n<meta name=\"twitter:label1\" content=\"Tempo di lettura stimato\" \/>\n\t<meta name=\"twitter:data1\" content=\"3 minuti\" \/>\n<script type=\"application\/ld+json\" class=\"yoast-schema-graph\">{\"@context\":\"https:\/\/schema.org\",\"@graph\":[{\"@type\":\"WebPage\",\"@id\":\"https:\/\/www.powerstore.it\/it\/stampa-3d\/\",\"url\":\"https:\/\/www.powerstore.it\/it\/stampa-3d\/\",\"name\":\"Stampa 3D - Powerstore Computers\",\"isPartOf\":{\"@id\":\"https:\/\/www.powerstore.it\/#website\"},\"datePublished\":\"2024-09-02T14:35:17+00:00\",\"dateModified\":\"2024-09-02T14:44:05+00:00\",\"breadcrumb\":{\"@id\":\"https:\/\/www.powerstore.it\/it\/stampa-3d\/#breadcrumb\"},\"inLanguage\":\"it-IT\",\"potentialAction\":[{\"@type\":\"ReadAction\",\"target\":[\"https:\/\/www.powerstore.it\/it\/stampa-3d\/\"]}]},{\"@type\":\"BreadcrumbList\",\"@id\":\"https:\/\/www.powerstore.it\/it\/stampa-3d\/#breadcrumb\",\"itemListElement\":[{\"@type\":\"ListItem\",\"position\":1,\"name\":\"Home\",\"item\":\"https:\/\/www.powerstore.it\/it\/\"},{\"@type\":\"ListItem\",\"position\":2,\"name\":\"Stampa 3D\"}]},{\"@type\":\"WebSite\",\"@id\":\"https:\/\/www.powerstore.it\/#website\",\"url\":\"https:\/\/www.powerstore.it\/\",\"name\":\"Powerstore Computers\",\"description\":\"Weil Beratung sich auszahlt !\",\"potentialAction\":[{\"@type\":\"SearchAction\",\"target\":{\"@type\":\"EntryPoint\",\"urlTemplate\":\"https:\/\/www.powerstore.it\/?s={search_term_string}\"},\"query-input\":{\"@type\":\"PropertyValueSpecification\",\"valueRequired\":true,\"valueName\":\"search_term_string\"}}],\"inLanguage\":\"it-IT\"}]}<\/script>\n<!-- \/ Yoast SEO plugin. -->","yoast_head_json":{"title":"Stampa 3D - Powerstore Computers","robots":{"index":"index","follow":"follow","max-snippet":"max-snippet:-1","max-image-preview":"max-image-preview:large","max-video-preview":"max-video-preview:-1"},"canonical":"https:\/\/www.powerstore.it\/it\/stampa-3d\/","og_locale":"it_IT","og_type":"article","og_title":"Stampa 3D - Powerstore Computers","og_url":"https:\/\/www.powerstore.it\/it\/stampa-3d\/","og_site_name":"Powerstore Computers","article_modified_time":"2024-09-02T14:44:05+00:00","twitter_misc":{"Tempo di lettura stimato":"3 minuti"},"schema":{"@context":"https:\/\/schema.org","@graph":[{"@type":"WebPage","@id":"https:\/\/www.powerstore.it\/it\/stampa-3d\/","url":"https:\/\/www.powerstore.it\/it\/stampa-3d\/","name":"Stampa 3D - Powerstore Computers","isPartOf":{"@id":"https:\/\/www.powerstore.it\/#website"},"datePublished":"2024-09-02T14:35:17+00:00","dateModified":"2024-09-02T14:44:05+00:00","breadcrumb":{"@id":"https:\/\/www.powerstore.it\/it\/stampa-3d\/#breadcrumb"},"inLanguage":"it-IT","potentialAction":[{"@type":"ReadAction","target":["https:\/\/www.powerstore.it\/it\/stampa-3d\/"]}]},{"@type":"BreadcrumbList","@id":"https:\/\/www.powerstore.it\/it\/stampa-3d\/#breadcrumb","itemListElement":[{"@type":"ListItem","position":1,"name":"Home","item":"https:\/\/www.powerstore.it\/it\/"},{"@type":"ListItem","position":2,"name":"Stampa 3D"}]},{"@type":"WebSite","@id":"https:\/\/www.powerstore.it\/#website","url":"https:\/\/www.powerstore.it\/","name":"Powerstore Computers","description":"Weil Beratung sich auszahlt !","potentialAction":[{"@type":"SearchAction","target":{"@type":"EntryPoint","urlTemplate":"https:\/\/www.powerstore.it\/?s={search_term_string}"},"query-input":{"@type":"PropertyValueSpecification","valueRequired":true,"valueName":"search_term_string"}}],"inLanguage":"it-IT"}]}},"_links":{"self":[{"href":"https:\/\/www.powerstore.it\/it\/wp-json\/wp\/v2\/pages\/4702"}],"collection":[{"href":"https:\/\/www.powerstore.it\/it\/wp-json\/wp\/v2\/pages"}],"about":[{"href":"https:\/\/www.powerstore.it\/it\/wp-json\/wp\/v2\/types\/page"}],"author":[{"embeddable":true,"href":"https:\/\/www.powerstore.it\/it\/wp-json\/wp\/v2\/users\/1"}],"replies":[{"embeddable":true,"href":"https:\/\/www.powerstore.it\/it\/wp-json\/wp\/v2\/comments?post=4702"}],"version-history":[{"count":4,"href":"https:\/\/www.powerstore.it\/it\/wp-json\/wp\/v2\/pages\/4702\/revisions"}],"predecessor-version":[{"id":4707,"href":"https:\/\/www.powerstore.it\/it\/wp-json\/wp\/v2\/pages\/4702\/revisions\/4707"}],"wp:attachment":[{"href":"https:\/\/www.powerstore.it\/it\/wp-json\/wp\/v2\/media?parent=4702"}],"curies":[{"name":"wp","href":"https:\/\/api.w.org\/{rel}","templated":true}]}}