{"id":4393,"date":"2015-06-13T19:25:24","date_gmt":"2015-06-13T17:25:24","guid":{"rendered":"https:\/\/www.powerstore.it\/?page_id=4393"},"modified":"2022-03-24T13:33:38","modified_gmt":"2022-03-24T11:33:38","slug":"privacy","status":"publish","type":"page","link":"https:\/\/www.powerstore.it\/it\/privacy\/","title":{"rendered":"Privacy &#8211; Cookies"},"content":{"rendered":"<h2 class=\"p1\"><span class=\"s1\">PRIVACY POLICY DEL SITO WWW.POWERSTORE.IT<\/span><\/h2>\n<p class=\"p2\"><span class=\"s1\">Powerstore illustra, nella presente pagina, come tratta i dati degli utenti che visitano il suo sito e come agiscono i cookie che vengono installati dal sito stesso.<\/span><\/p>\n<p class=\"p2\"><span class=\"s1\">La presente Privacy Policy \u00e8 resa nel rispetto dell\u2019articolo 13 del GDPR 2016\/679 (General Data Protection Regulation, Regolamento europeo in materia di protezione dei dati personali), della Raccomandazione n. 2\/2001 del Gruppo di lavoro ex art. 29 e del Provvedimento generale del Garante Privacy in materia di cookie dell\u20198 maggio 2014, n. 229.<\/span><\/p>\n<p class=\"p2\"><span class=\"s1\">Quanto segue si applica unicamente al sito www.powerstore.it; il Titolare del trattamento non \u00e8 responsabile dei dati inseriti e dei cookie installati da parte di altri siti eventualmente consultati tramite link.<\/span><\/p>\n<p class=\"p3\"><span class=\"s1\"><b>Finalit\u00e0 del trattamento e obbligatoriet\u00e0 del conferimento<\/b><\/span><\/p>\n<p class=\"p3\"><span class=\"s1\">Powerstore tratta i dati che l\u2019utente inserisce spontaneamente attraverso i form presenti nel sito (Contatti, Richiesta preventivo, Contatto rapido, Lavora con noi, iscrizione alla newsletter, registrazione all\u2019area riservata etc.) unicamente per rispondere alla Sua richiesta. Eventuali ulteriori finalit\u00e0 (a titolo esemplificativo e non esaustivo finalit\u00e0 di marketing o comunicazione dei Suoi dati a societ\u00e0 con cui abbiamo una partnership per finalit\u00e0 di marketing loro proprie) saranno oggetto di esplicita e motivata richiesta e di un Suo consenso specifico, facoltativo e separato rispetto a quello richiesto per rispondere alle Sue domande.<\/span><\/p>\n<p class=\"p2\"><span class=\"s1\">Il conferimento dei dati e il consenso al trattamento sono necessari per dare seguito alle Sue richieste; il consenso al trattamento per le ulteriori finalit\u00e0 \u00e8 facoltativo.<\/span><\/p>\n<p class=\"p2\"><span class=\"s1\">Per i dati acquisiti dal nostro sito mediante l\u2019installazione dei cookie si rimanda invece alla specifica sezione (\u201cI cookie del nostro sito\u201d).<\/span><\/p>\n<p class=\"p3\"><span class=\"s1\"><b>Modalit\u00e0 di trattamento, processi decisionali automatizzati e tempi di conservazione dei dati.<\/b><\/span><\/p>\n<p class=\"p2\"><span class=\"s1\">Il trattamento dei Suoi dati si svolge in modalit\u00e0 informatiche, seppur non si escludono potenziali trattamenti in modalit\u00e0 cartacea. Non vengono utilizzati processi decisionali automatizzati per trattare i Suoi dati personali.<\/span><\/p>\n<p class=\"p2\"><span class=\"s1\">I dati personali che La riguardano, raccolti attraverso i form del nostro sito, verranno conservati per il tempo necessario a dare riscontro alle Sue richieste. Laddove sussistesse una normativa ulteriore ad imporre un tempo di conservazione pi\u00f9 lungo, tale normativa verr\u00e0 da noi rispettata. I dati raccolti attraverso i cookie verranno conservati per il periodo di tempo stabilito dal singolo cookie.<\/span><\/p>\n<p class=\"p3\"><span class=\"s1\"><b>Comunicazione, diffusione e trasferimento dei dati a Paesi terzi od organizzazioni internazionali<\/b><\/span><\/p>\n<p class=\"p2\"><span class=\"s1\">I suoi dati non saranno comunicati n\u00e9 diffusi, senza il suo Specifico e facoltativo consenso, a soggetti terzi rispetto a Powerstore. I dati da Lei comunicati non saranno da noi trasferiti verso Paesi terzi o organizzazioni internazionali extra UE.<\/span><\/p>\n<p class=\"p3\"><span class=\"s1\"><b>Diritti dell\u2019interessato e reclamo al Garante Privacy.<\/b><\/span><\/p>\n<p class=\"p2\"><span class=\"s1\">Lei ha diritto di richiederci in qualsiasi momento l\u2019accesso ai dati che La riguardano, la loro modifica, integrazione o cancellazione, la limitazione o l\u2019opposizione al loro trattamento, laddove vi siano motivi legittimi, nonch\u00e9 la portabilit\u00e0 dei suddetti dati presso un altro Titolare del trattamento. Le forniremo risposta in forma scritta entro 30 giorni. Potr\u00e0 revocare, in qualsiasi momento, i consensi prestati sul presente sito, contattando uno dei recapiti indicati nel paragrafo \u201cInformazioni sul Titolare del trattamento e sull\u2019eventuale Responsabile della protezione dei dati\u201d. Le \u00e8 possibile inoltre proporre reclamo all\u2019Autorit\u00e0 di controllo nazionale, laddove reputi che i Suoi dati siano stati trattati illegittimamente.<\/span><\/p>\n<p class=\"p3\"><span class=\"s1\"><b>Informazioni sul Titolare del trattamento.<\/b><\/span><\/p>\n<p class=\"p2\"><span class=\"s1\">Il Titolare del Trattamento \u00e8 PowerStore di Peter Rauch -, con sede legale in via Via Termeno 2\/a &#8211; 39040 Ora (BZ). Per esercitare i diritti previsti dalla normativa e meglio specificati sopra \u00e8 possibile contattare il Titolare presso la sua sede, oppure\u00a0 scrivendo a info@powerstore.it.<\/span><\/p>\n<p><strong>\u00a0<\/strong><\/p>\n<p><strong>Titolare del Trattamento dei Dati<\/strong><br \/>\nPeter Rauch &#8211; Via Termeno 2\/a &#8211; 39040 Ora (BZ),<br \/>\n<a href=\"mailto:peter@powerstore.it\">peter@powerstore.it<\/a><\/p>\n","protected":false},"excerpt":{"rendered":"<p>PRIVACY POLICY DEL SITO WWW.POWERSTORE.IT Powerstore illustra, nella presente pagina, come tratta i dati degli utenti che visitano il suo sito e come agiscono i cookie che vengono installati dal sito stesso. La presente Privacy Policy \u00e8 resa nel rispetto dell\u2019articolo 13 del GDPR 2016\/679 (General Data Protection Regulation, Regolamento europeo in materia di protezione [&hellip;]<\/p>\n","protected":false},"author":1,"featured_media":0,"parent":0,"menu_order":0,"comment_status":"open","ping_status":"open","template":"","meta":{"footnotes":""},"class_list":["post-4393","page","type-page","status-publish","hentry"],"yoast_head":"<!-- This site is optimized with the Yoast SEO plugin v23.4 - https:\/\/yoast.com\/wordpress\/plugins\/seo\/ -->\n<title>Privacy - Cookies - Powerstore Computers<\/title>\n<meta name=\"robots\" content=\"index, follow, max-snippet:-1, max-image-preview:large, max-video-preview:-1\" \/>\n<link rel=\"canonical\" href=\"https:\/\/www.powerstore.it\/it\/privacy\/\" \/>\n<meta property=\"og:locale\" content=\"it_IT\" \/>\n<meta property=\"og:type\" content=\"article\" \/>\n<meta property=\"og:title\" content=\"Privacy - Cookies - Powerstore Computers\" \/>\n<meta property=\"og:description\" content=\"PRIVACY POLICY DEL SITO WWW.POWERSTORE.IT Powerstore illustra, nella presente pagina, come tratta i dati degli utenti che visitano il suo sito e come agiscono i cookie che vengono installati dal sito stesso. La presente Privacy Policy \u00e8 resa nel rispetto dell\u2019articolo 13 del GDPR 2016\/679 (General Data Protection Regulation, Regolamento europeo in materia di protezione [&hellip;]\" \/>\n<meta property=\"og:url\" content=\"https:\/\/www.powerstore.it\/it\/privacy\/\" \/>\n<meta property=\"og:site_name\" content=\"Powerstore Computers\" \/>\n<meta property=\"article:modified_time\" content=\"2022-03-24T11:33:38+00:00\" \/>\n<meta name=\"twitter:label1\" content=\"Tempo di lettura stimato\" \/>\n\t<meta name=\"twitter:data1\" content=\"3 minuti\" \/>\n<script type=\"application\/ld+json\" class=\"yoast-schema-graph\">{\"@context\":\"https:\/\/schema.org\",\"@graph\":[{\"@type\":\"WebPage\",\"@id\":\"https:\/\/www.powerstore.it\/it\/privacy\/\",\"url\":\"https:\/\/www.powerstore.it\/it\/privacy\/\",\"name\":\"Privacy - Cookies - Powerstore Computers\",\"isPartOf\":{\"@id\":\"https:\/\/www.powerstore.it\/#website\"},\"datePublished\":\"2015-06-13T17:25:24+00:00\",\"dateModified\":\"2022-03-24T11:33:38+00:00\",\"breadcrumb\":{\"@id\":\"https:\/\/www.powerstore.it\/it\/privacy\/#breadcrumb\"},\"inLanguage\":\"it-IT\",\"potentialAction\":[{\"@type\":\"ReadAction\",\"target\":[\"https:\/\/www.powerstore.it\/it\/privacy\/\"]}]},{\"@type\":\"BreadcrumbList\",\"@id\":\"https:\/\/www.powerstore.it\/it\/privacy\/#breadcrumb\",\"itemListElement\":[{\"@type\":\"ListItem\",\"position\":1,\"name\":\"Home\",\"item\":\"https:\/\/www.powerstore.it\/it\/\"},{\"@type\":\"ListItem\",\"position\":2,\"name\":\"Privacy &#8211; Cookies\"}]},{\"@type\":\"WebSite\",\"@id\":\"https:\/\/www.powerstore.it\/#website\",\"url\":\"https:\/\/www.powerstore.it\/\",\"name\":\"Powerstore Computers\",\"description\":\"Weil Beratung sich auszahlt !\",\"potentialAction\":[{\"@type\":\"SearchAction\",\"target\":{\"@type\":\"EntryPoint\",\"urlTemplate\":\"https:\/\/www.powerstore.it\/?s={search_term_string}\"},\"query-input\":{\"@type\":\"PropertyValueSpecification\",\"valueRequired\":true,\"valueName\":\"search_term_string\"}}],\"inLanguage\":\"it-IT\"}]}<\/script>\n<!-- \/ Yoast SEO plugin. -->","yoast_head_json":{"title":"Privacy - Cookies - Powerstore Computers","robots":{"index":"index","follow":"follow","max-snippet":"max-snippet:-1","max-image-preview":"max-image-preview:large","max-video-preview":"max-video-preview:-1"},"canonical":"https:\/\/www.powerstore.it\/it\/privacy\/","og_locale":"it_IT","og_type":"article","og_title":"Privacy - Cookies - Powerstore Computers","og_description":"PRIVACY POLICY DEL SITO WWW.POWERSTORE.IT Powerstore illustra, nella presente pagina, come tratta i dati degli utenti che visitano il suo sito e come agiscono i cookie che vengono installati dal sito stesso. La presente Privacy Policy \u00e8 resa nel rispetto dell\u2019articolo 13 del GDPR 2016\/679 (General Data Protection Regulation, Regolamento europeo in materia di protezione [&hellip;]","og_url":"https:\/\/www.powerstore.it\/it\/privacy\/","og_site_name":"Powerstore Computers","article_modified_time":"2022-03-24T11:33:38+00:00","twitter_misc":{"Tempo di lettura stimato":"3 minuti"},"schema":{"@context":"https:\/\/schema.org","@graph":[{"@type":"WebPage","@id":"https:\/\/www.powerstore.it\/it\/privacy\/","url":"https:\/\/www.powerstore.it\/it\/privacy\/","name":"Privacy - Cookies - Powerstore Computers","isPartOf":{"@id":"https:\/\/www.powerstore.it\/#website"},"datePublished":"2015-06-13T17:25:24+00:00","dateModified":"2022-03-24T11:33:38+00:00","breadcrumb":{"@id":"https:\/\/www.powerstore.it\/it\/privacy\/#breadcrumb"},"inLanguage":"it-IT","potentialAction":[{"@type":"ReadAction","target":["https:\/\/www.powerstore.it\/it\/privacy\/"]}]},{"@type":"BreadcrumbList","@id":"https:\/\/www.powerstore.it\/it\/privacy\/#breadcrumb","itemListElement":[{"@type":"ListItem","position":1,"name":"Home","item":"https:\/\/www.powerstore.it\/it\/"},{"@type":"ListItem","position":2,"name":"Privacy &#8211; Cookies"}]},{"@type":"WebSite","@id":"https:\/\/www.powerstore.it\/#website","url":"https:\/\/www.powerstore.it\/","name":"Powerstore Computers","description":"Weil Beratung sich auszahlt !","potentialAction":[{"@type":"SearchAction","target":{"@type":"EntryPoint","urlTemplate":"https:\/\/www.powerstore.it\/?s={search_term_string}"},"query-input":{"@type":"PropertyValueSpecification","valueRequired":true,"valueName":"search_term_string"}}],"inLanguage":"it-IT"}]}},"_links":{"self":[{"href":"https:\/\/www.powerstore.it\/it\/wp-json\/wp\/v2\/pages\/4393"}],"collection":[{"href":"https:\/\/www.powerstore.it\/it\/wp-json\/wp\/v2\/pages"}],"about":[{"href":"https:\/\/www.powerstore.it\/it\/wp-json\/wp\/v2\/types\/page"}],"author":[{"embeddable":true,"href":"https:\/\/www.powerstore.it\/it\/wp-json\/wp\/v2\/users\/1"}],"replies":[{"embeddable":true,"href":"https:\/\/www.powerstore.it\/it\/wp-json\/wp\/v2\/comments?post=4393"}],"version-history":[{"count":10,"href":"https:\/\/www.powerstore.it\/it\/wp-json\/wp\/v2\/pages\/4393\/revisions"}],"predecessor-version":[{"id":4640,"href":"https:\/\/www.powerstore.it\/it\/wp-json\/wp\/v2\/pages\/4393\/revisions\/4640"}],"wp:attachment":[{"href":"https:\/\/www.powerstore.it\/it\/wp-json\/wp\/v2\/media?parent=4393"}],"curies":[{"name":"wp","href":"https:\/\/api.w.org\/{rel}","templated":true}]}}