{"id":4291,"date":"2015-06-12T15:19:52","date_gmt":"2015-06-12T13:19:52","guid":{"rendered":"https:\/\/www.powerstore.it\/?page_id=4291"},"modified":"2024-09-03T12:45:17","modified_gmt":"2024-09-03T10:45:17","slug":"start","status":"publish","type":"page","link":"https:\/\/www.powerstore.it\/it\/","title":{"rendered":"Home"},"content":{"rendered":"<p><div class=\"fusion-fullwidth fullwidth-box fusion-builder-row-1 hundred-percent-fullwidth non-hundred-percent-height-scrolling\" style=\"--awb-border-radius-top-left:0px;--awb-border-radius-top-right:0px;--awb-border-radius-bottom-right:0px;--awb-border-radius-bottom-left:0px;--awb-overflow:visible;--awb-flex-wrap:wrap;\" ><div class=\"fusion-builder-row fusion-row\"><div class=\"fusion-layout-column fusion_builder_column fusion-builder-column-0 fusion_builder_column_1_3 1_3 fusion-one-third fusion-column-first\" style=\"--awb-padding-top:10px;--awb-padding-right:10px;--awb-padding-bottom:10px;--awb-padding-left:10px;--awb-bg-color:#ededed;--awb-bg-color-hover:#ededed;--awb-bg-size:cover;width:30.6666%; margin-right: 4%;\"><div class=\"fusion-column-wrapper fusion-flex-column-wrapper-legacy\"><div class=\"fusion-sep-clear\"><\/div><div class=\"fusion-separator fusion-full-width-sep\" style=\"margin-left: auto;margin-right: auto;margin-top:25px;width:100%;\"><\/div><div class=\"fusion-sep-clear\"><\/div><div class=\"fusion-text fusion-text-1\"><h2>Esperienza<\/h2>\n<p><strong>Oltre 28 anni di esperienza<\/strong> al Vostro servizio! Powerstore Computers SAS &amp; C. \u00e8 un punto di riferimento per privati e piccole imprese, nell&#8217;ambito della vendita PC, soluzione\u00a0problemi e installazioni in rete. <strong>Nel settembre 2003<\/strong>, Peter Rauch, (Microsoft Systems Ingineer), ha inaugurato il punto vendita e assistenza di Ora.<\/p>\n<\/div><div class=\"fusion-image-element fusion-image-align-left in-legacy-container\" style=\"text-align:left;--awb-caption-title-font-family:var(--h2_typography-font-family);--awb-caption-title-font-weight:var(--h2_typography-font-weight);--awb-caption-title-font-style:var(--h2_typography-font-style);--awb-caption-title-size:var(--h2_typography-font-size);--awb-caption-title-transform:var(--h2_typography-text-transform);--awb-caption-title-line-height:var(--h2_typography-line-height);--awb-caption-title-letter-spacing:var(--h2_typography-letter-spacing);\"><span class=\" fusion-imageframe imageframe-none imageframe-1 hover-type-none\" style=\"margin-right:25px;float:left;\"><img decoding=\"async\" width=\"1024\" height=\"683\" alt=\"Sliders\" title=\"powerstore-2016-web-2\" src=\"https:\/\/www.powerstore.it\/wp-content\/uploads\/2015\/06\/powerstore-2016-WEB-2-1024x683.jpg\" class=\"img-responsive wp-image-4561\" srcset=\"https:\/\/www.powerstore.it\/wp-content\/uploads\/2015\/06\/powerstore-2016-WEB-2-300x200.jpg 300w, https:\/\/www.powerstore.it\/wp-content\/uploads\/2015\/06\/powerstore-2016-WEB-2-768x512.jpg 768w, https:\/\/www.powerstore.it\/wp-content\/uploads\/2015\/06\/powerstore-2016-WEB-2-1024x683.jpg 1024w\" sizes=\"(max-width: 1024px) 100vw, 1024px\" \/><\/span><\/div><div class=\"fusion-clearfix\"><\/div><\/div><\/div><div class=\"fusion-layout-column fusion_builder_column fusion-builder-column-1 fusion_builder_column_1_3 1_3 fusion-one-third\" style=\"--awb-padding-top:10px;--awb-padding-right:10px;--awb-padding-bottom:10px;--awb-padding-left:10px;--awb-bg-color:#ededed;--awb-bg-color-hover:#ededed;--awb-bg-size:cover;width:30.6666%; margin-right: 4%;\"><div class=\"fusion-column-wrapper fusion-flex-column-wrapper-legacy\"><div class=\"fusion-sep-clear\"><\/div><div class=\"fusion-separator fusion-full-width-sep\" style=\"margin-left: auto;margin-right: auto;margin-top:25px;width:100%;\"><\/div><div class=\"fusion-sep-clear\"><\/div><div class=\"fusion-text fusion-text-2\"><h2>Riparazioni<\/h2>\n<p>Ripariamo i vostri PC usurati e\/o difettosi.\u00a0Su richiesta, installiamo nuovi componenti hardware e software per migliorare\u00a0le prestazioni del computer. Un servizio completo volto ad ottimizzare il vostro lavoro\/tempo libero e garantendo allo stesso tempo un <strong>risparmio di denaro<\/strong>.<\/p>\n<\/div><div class=\"fusion-image-element fusion-image-align-left in-legacy-container\" style=\"text-align:left;--awb-caption-title-font-family:var(--h2_typography-font-family);--awb-caption-title-font-weight:var(--h2_typography-font-weight);--awb-caption-title-font-style:var(--h2_typography-font-style);--awb-caption-title-size:var(--h2_typography-font-size);--awb-caption-title-transform:var(--h2_typography-text-transform);--awb-caption-title-line-height:var(--h2_typography-line-height);--awb-caption-title-letter-spacing:var(--h2_typography-letter-spacing);\"><span class=\" fusion-imageframe imageframe-none imageframe-2 hover-type-none\" style=\"margin-right:25px;float:left;\"><img decoding=\"async\" width=\"1024\" height=\"575\" alt=\"Design\" title=\"powerstore-2016-web-11\" src=\"https:\/\/www.powerstore.it\/wp-content\/uploads\/2015\/06\/powerstore-2016-WEB-11-1024x575.jpg\" class=\"img-responsive wp-image-4563\" srcset=\"https:\/\/www.powerstore.it\/wp-content\/uploads\/2015\/06\/powerstore-2016-WEB-11-300x168.jpg 300w, https:\/\/www.powerstore.it\/wp-content\/uploads\/2015\/06\/powerstore-2016-WEB-11-768x431.jpg 768w, https:\/\/www.powerstore.it\/wp-content\/uploads\/2015\/06\/powerstore-2016-WEB-11-1024x575.jpg 1024w\" sizes=\"(max-width: 1024px) 100vw, 1024px\" \/><\/span><\/div><div class=\"fusion-clearfix\"><\/div><\/div><\/div><div class=\"fusion-layout-column fusion_builder_column fusion-builder-column-2 fusion_builder_column_1_3 1_3 fusion-one-third fusion-column-last\" style=\"--awb-padding-top:10px;--awb-padding-right:10px;--awb-padding-bottom:10px;--awb-padding-left:10px;--awb-bg-color:#ededed;--awb-bg-color-hover:#ededed;--awb-bg-size:cover;width:30.6666%;\"><div class=\"fusion-column-wrapper fusion-flex-column-wrapper-legacy\"><div class=\"fusion-sep-clear\"><\/div><div class=\"fusion-separator fusion-full-width-sep\" style=\"margin-left: auto;margin-right: auto;margin-top:25px;width:100%;\"><\/div><div class=\"fusion-sep-clear\"><\/div><div class=\"fusion-text fusion-text-3\"><h2>Assistenza<\/h2>\n<p><strong>Consulenza personale<\/strong> e comprensione delle varie problematiche PC in sede. Forniamo\u00a0inoltre tutti i servizi connessi, dall&#8217;accesso ad internet, alla configurazione di hardware, backup dei dati, installazione di hard- e software. Siamo le persone giuste alle quali \u00a0rivolgersi!<\/p>\n<\/div><div class=\"fusion-image-element fusion-image-align-left in-legacy-container\" style=\"text-align:left;--awb-caption-title-font-family:var(--h2_typography-font-family);--awb-caption-title-font-weight:var(--h2_typography-font-weight);--awb-caption-title-font-style:var(--h2_typography-font-style);--awb-caption-title-size:var(--h2_typography-font-size);--awb-caption-title-transform:var(--h2_typography-text-transform);--awb-caption-title-line-height:var(--h2_typography-line-height);--awb-caption-title-letter-spacing:var(--h2_typography-letter-spacing);\"><span class=\" fusion-imageframe imageframe-none imageframe-3 hover-type-none\" style=\"margin-right:25px;float:left;\"><img decoding=\"async\" width=\"1024\" height=\"683\" alt=\"Options\" title=\"powerstore-2016-web-8\" src=\"https:\/\/www.powerstore.it\/wp-content\/uploads\/2015\/06\/powerstore-2016-WEB-8-1024x683.jpg\" class=\"img-responsive wp-image-4562\" srcset=\"https:\/\/www.powerstore.it\/wp-content\/uploads\/2015\/06\/powerstore-2016-WEB-8-300x200.jpg 300w, https:\/\/www.powerstore.it\/wp-content\/uploads\/2015\/06\/powerstore-2016-WEB-8-768x512.jpg 768w, https:\/\/www.powerstore.it\/wp-content\/uploads\/2015\/06\/powerstore-2016-WEB-8-1024x683.jpg 1024w\" sizes=\"(max-width: 1024px) 100vw, 1024px\" \/><\/span><\/div><div class=\"fusion-clearfix\"><\/div><\/div><\/div><div class=\"fusion-layout-column fusion_builder_column fusion-builder-column-3 fusion_builder_column_1_1 1_1 fusion-one-full fusion-column-first fusion-column-last\" style=\"--awb-padding-top:10px;--awb-padding-right:10px;--awb-padding-bottom:10px;--awb-padding-left:10px;--awb-bg-size:cover;\"><div class=\"fusion-column-wrapper fusion-flex-column-wrapper-legacy\"><div class=\"fusion-clearfix\"><\/div><\/div><\/div><div class=\"fusion-layout-column fusion_builder_column fusion-builder-column-4 fusion_builder_column_1_1 1_1 fusion-one-full fusion-column-first fusion-column-last\" style=\"--awb-padding-top:10px;--awb-padding-right:10px;--awb-padding-bottom:10px;--awb-padding-left:10px;--awb-bg-color:#ededed;--awb-bg-color-hover:#ededed;--awb-bg-size:cover;\"><div class=\"fusion-column-wrapper fusion-flex-column-wrapper-legacy\"><div class=\"fusion-text fusion-text-4\"><h2 style=\"text-align: center;\">Assembliamo il Vostro PC su misura<\/h2>\n<p style=\"text-align: center;\">Proprio secondo le Vostre esigenze e sempre garantendo qualit\u00e0 e convenienza.<\/p>\n<p style=\"text-align: center;\">Grazie alla nostra esperienza nel mondo dei computers, possiamo trovare la soluzione pi\u00f9 adatta per ogni necessit\u00e0, scegliendo i componenti pi\u00f9 appropriati e compatibil.<br \/>\nSiamo a Vostra disposizione per soddisfarvi.<\/p>\n<\/div><div class=\"fusion-sep-clear\"><\/div><div class=\"fusion-separator fusion-full-width-sep\" style=\"margin-left: auto;margin-right: auto;margin-top:25px;width:100%;\"><\/div><div class=\"fusion-sep-clear\"><\/div><div class=\"fusion-clearfix\"><\/div><\/div><\/div><div class=\"fusion-layout-column fusion_builder_column fusion-builder-column-5 fusion_builder_column_1_1 1_1 fusion-one-full fusion-column-first fusion-column-last fusion-column-no-min-height\" style=\"--awb-bg-size:cover;--awb-margin-bottom:0px;\"><div class=\"fusion-column-wrapper fusion-flex-column-wrapper-legacy\"><div class=\"fusion-sep-clear\"><\/div><div class=\"fusion-separator fusion-full-width-sep\" style=\"margin-left: auto;margin-right: auto;margin-top:25px;width:100%;\"><\/div><div class=\"fusion-sep-clear\"><\/div><div class=\"fusion-clearfix\"><\/div><\/div><\/div><div class=\"fusion-layout-column fusion_builder_column fusion-builder-column-6 fusion_builder_column_1_2 1_2 fusion-one-half fusion-column-first\" style=\"--awb-bg-size:cover;width:48%; margin-right: 4%;\"><div class=\"fusion-column-wrapper fusion-flex-column-wrapper-legacy\"><style type='text\/css'>.reading-box-container-1 .element-bottomshadow:before,.reading-box-container-1 .element-bottomshadow:after{opacity:0.7;}<\/style><div class=\"fusion-reading-box-container reading-box-container-1\" style=\"--awb-title-color:#212934;--awb-margin-top:2px;--awb-margin-bottom:6px;\"><div class=\"reading-box\" style=\"background-color:#e8f2f9;border-width:1px;border-color:#f6f6f6;border-top-width:3px;border-top-color:var(--primary_color);border-style:solid;\"><a class=\"button fusion-button button-darkgray fusion-button-medium button-medium button-flat fusion-desktop-button fusion-tagline-button continue fusion-desktop-button-margin continue-right\" style=\"-webkit-box-shadow:none;-moz-box-shadow:none;box-shadow:none;border-radius:2px 2px 2px 2px\" href=\"https:\/\/www.powerstore.it\/powerstore.exe\" target=\"_self\"><span>TELEASSISTENZA (WIN)<\/span><\/a><h2>Programma di teleassistenza<\/h2><div class=\"reading-box-additional fusion-reading-box-additional\">Scaricate il programma per permetterci<br \/>\ndi accedere al vostro PC<\/div><div class=\"fusion-clearfix\"><\/div><a class=\"button fusion-button button-darkgray fusion-button-medium button-medium button-flat fusion-mobile-button continue-right\" style=\"-webkit-box-shadow:none;-moz-box-shadow:none;box-shadow:none;border-radius:2px 2px 2px 2px\" href=\"https:\/\/www.powerstore.it\/powerstore.exe\" target=\"_self\"><span>TELEASSISTENZA (WIN)<\/span><\/a><\/div><\/div><style type='text\/css'>.reading-box-container-2 .element-bottomshadow:before,.reading-box-container-2 .element-bottomshadow:after{opacity:0.7;}<\/style><div class=\"fusion-reading-box-container reading-box-container-2\" style=\"--awb-title-color:#212934;--awb-margin-top:2px;--awb-margin-bottom:6px;\"><div class=\"reading-box\" style=\"background-color:#e8f2f9;border-width:1px;border-color:#f6f6f6;border-top-width:3px;border-top-color:var(--primary_color);border-style:solid;\"><div class=\"fusion-reading-box-flex\"><h2>Teleassistenza Versione MAC<\/h2><a class=\"button fusion-button button-darkgray fusion-button-medium button-medium button-flat fusion-desktop-button fusion-tagline-button continue continue-right\" style=\"-webkit-box-shadow:none;-moz-box-shadow:none;box-shadow:none;border-radius:2px 2px 2px 2px\" href=\"https:\/\/www.powerstore.it\/powerstore.dmg\" target=\"_self\"><span>TELEASSISTENZA (MAC)<\/span><\/a><\/div><a class=\"button fusion-button button-darkgray fusion-button-medium button-medium button-flat fusion-mobile-button continue-right\" style=\"-webkit-box-shadow:none;-moz-box-shadow:none;box-shadow:none;border-radius:2px 2px 2px 2px\" href=\"https:\/\/www.powerstore.it\/powerstore.dmg\" target=\"_self\"><span>TELEASSISTENZA (MAC)<\/span><\/a><\/div><\/div><div class=\"fusion-clearfix\"><\/div><\/div><\/div><div class=\"fusion-layout-column fusion_builder_column fusion-builder-column-7 fusion_builder_column_1_2 1_2 fusion-one-half fusion-column-last\" style=\"--awb-bg-size:cover;width:48%;\"><div class=\"fusion-column-wrapper fusion-flex-column-wrapper-legacy\"><div class=\"fusion-title title fusion-title-1 fusion-title-text fusion-title-size-two\"><h2 class=\"fusion-title-heading title-heading-left\" style=\"margin:0;\">Punti di forza<\/h2><span class=\"awb-title-spacer\"><\/span><div class=\"title-sep-container\"><div class=\"title-sep sep-double sep-solid\" style=\"border-color:#e0dede;\"><\/div><\/div><\/div><ul style=\"--awb-size:13px;--awb-line-height:22.1px;--awb-icon-width:22.1px;--awb-icon-height:22.1px;--awb-icon-margin:9.1px;--awb-content-margin:31.2px;--awb-circlecolor:#1a80b6;--awb-circle-yes-font-size:11.44px;\" class=\"fusion-checklist fusion-checklist-1 fusion-checklist-default type-icons\"><li class=\"fusion-li-item\" style=\"\"><span class=\"icon-wrapper circle-yes\"><i class=\"fusion-li-icon fa fa-check\" aria-hidden=\"true\"><\/i><\/span><div class=\"fusion-li-item-content\">Vendita e riparazione di sistemi PC e Notebooks<\/div><\/li><li class=\"fusion-li-item\" style=\"\"><span class=\"icon-wrapper circle-yes\"><i class=\"fusion-li-icon fa fa-check\" aria-hidden=\"true\"><\/i><\/span><div class=\"fusion-li-item-content\">Eliminazione di Virus<\/div><\/li><li class=\"fusion-li-item\" style=\"\"><span class=\"icon-wrapper circle-yes\"><i class=\"fusion-li-icon fa fa-check\" aria-hidden=\"true\"><\/i><\/span><div class=\"fusion-li-item-content\">Installazione e sostituzione Hardware<\/div><\/li><li class=\"fusion-li-item\" style=\"\"><span class=\"icon-wrapper circle-yes\"><i class=\"fusion-li-icon fa fa-check\" aria-hidden=\"true\"><\/i><\/span><div class=\"fusion-li-item-content\">Configurazione Router<\/div><\/li><li class=\"fusion-li-item\" style=\"\"><span class=\"icon-wrapper circle-yes\"><i class=\"fusion-li-icon fa fa-check\" aria-hidden=\"true\"><\/i><\/span><div class=\"fusion-li-item-content\">Messa in funzione ADSL \/ Soluzioni Hotspot<\/div><\/li><li class=\"fusion-li-item\" style=\"\"><span class=\"icon-wrapper circle-yes\"><i class=\"fusion-li-icon fa fa-check\" aria-hidden=\"true\"><\/i><\/span><div class=\"fusion-li-item-content\">Salvataggio dati \/ Recupero dati<\/div><\/li><li class=\"fusion-li-item\" style=\"\"><span class=\"icon-wrapper circle-yes\"><i class=\"fusion-li-icon fa fa-check\" aria-hidden=\"true\"><\/i><\/span><div class=\"fusion-li-item-content\">Firewall e soluzioni server<\/div><\/li><li class=\"fusion-li-item\" style=\"\"><span class=\"icon-wrapper circle-yes\"><i class=\"fusion-li-icon fa fa-check\" aria-hidden=\"true\"><\/i><\/span><div class=\"fusion-li-item-content\">Update PC \/ Ripulitura<\/div><\/li><\/ul><div class=\"fusion-clearfix\"><\/div><\/div><\/div><div class=\"fusion-layout-column fusion_builder_column fusion-builder-column-8 fusion_builder_column_1_1 1_1 fusion-one-full fusion-column-first fusion-column-last fusion-column-no-min-height\" style=\"--awb-bg-size:cover;--awb-margin-bottom:0px;\"><div class=\"fusion-column-wrapper fusion-flex-column-wrapper-legacy\"><div class=\"fusion-sep-clear\"><\/div><div class=\"fusion-separator fusion-full-width-sep\" style=\"margin-left: auto;margin-right: auto;margin-top:25px;margin-bottom:25px;width:100%;\"><div class=\"fusion-separator-border sep-double sep-solid\" style=\"--awb-height:20px;--awb-amount:20px;border-color:#e0dede;border-top-width:1px;border-bottom-width:1px;\"><\/div><\/div><div class=\"fusion-sep-clear\"><\/div><div class=\"fusion-clearfix\"><\/div><\/div><\/div><\/div><\/div><div class=\"fusion-fullwidth fullwidth-box fusion-builder-row-2 hundred-percent-fullwidth non-hundred-percent-height-scrolling\" style=\"--awb-background-position:left top;--awb-border-sizes-top:0px;--awb-border-sizes-bottom:0px;--awb-border-sizes-left:0px;--awb-border-sizes-right:0px;--awb-border-radius-top-left:0px;--awb-border-radius-top-right:0px;--awb-border-radius-bottom-right:0px;--awb-border-radius-bottom-left:0px;--awb-padding-top:20px;--awb-padding-right:0px;--awb-padding-bottom:20px;--awb-padding-left:0px;--awb-flex-wrap:wrap;\" ><div class=\"fusion-builder-row fusion-row\"><div class=\"fusion-layout-column fusion_builder_column fusion-builder-column-9 fusion_builder_column_1_1 1_1 fusion-one-full fusion-column-first fusion-column-last\" style=\"--awb-padding-top:500px;--awb-padding-right:500px;--awb-padding-bottom:500px;--awb-padding-left:500px;--awb-bg-image:url(&#039;https:\/\/www.powerstore.it\/wp-content\/uploads\/2015\/06\/powerstore-2016-WEB-3-1024x683.jpg&#039;);--awb-bg-size:cover;\"><div class=\"fusion-column-wrapper fusion-flex-column-wrapper-legacy fusion-empty-column-bg-image fusion-column-has-bg-image\" data-bg-url=\"https:\/\/www.powerstore.it\/wp-content\/uploads\/2015\/06\/powerstore-2016-WEB-3-1024x683.jpg\"><img decoding=\"async\" class=\"fusion-empty-dims-img-placeholder\" src=\"data:image\/svg+xml,%3Csvg%20xmlns%3D%27http%3A%2F%2Fwww.w3.org%2F2000%2Fsvg%27%20width%3D%271024%27%20height%3D%27683%27%20viewBox%3D%270%200%201024%20683%27%3E%3Crect%20width%3D%271024%27%20height%3D%27683%27%20fill-opacity%3D%220%22%2F%3E%3C%2Fsvg%3E\"><div class=\"fusion-clearfix\"><\/div><\/div><\/div><\/div><\/div><\/p>\n","protected":false},"excerpt":{"rendered":"","protected":false},"author":1,"featured_media":0,"parent":0,"menu_order":0,"comment_status":"open","ping_status":"open","template":"","meta":{"footnotes":""},"class_list":["post-4291","page","type-page","status-publish","hentry"],"yoast_head":"<!-- This site is optimized with the Yoast SEO plugin v23.4 - https:\/\/yoast.com\/wordpress\/plugins\/seo\/ -->\n<title>Home - Powerstore Computers<\/title>\n<meta name=\"robots\" content=\"index, follow, max-snippet:-1, max-image-preview:large, max-video-preview:-1\" \/>\n<link rel=\"canonical\" href=\"https:\/\/www.powerstore.it\/it\/\" \/>\n<meta property=\"og:locale\" content=\"it_IT\" \/>\n<meta property=\"og:type\" content=\"article\" \/>\n<meta property=\"og:title\" content=\"Home - Powerstore Computers\" \/>\n<meta property=\"og:url\" content=\"https:\/\/www.powerstore.it\/it\/\" \/>\n<meta property=\"og:site_name\" content=\"Powerstore Computers\" \/>\n<meta property=\"article:modified_time\" content=\"2024-09-03T10:45:17+00:00\" \/>\n<meta property=\"og:image\" content=\"https:\/\/www.powerstore.it\/wp-content\/uploads\/2015\/06\/powerstore-2016-WEB-2-1024x683.jpg\" \/>\n<meta name=\"twitter:label1\" content=\"Tempo di lettura stimato\" \/>\n\t<meta name=\"twitter:data1\" content=\"3 minuti\" \/>\n<script type=\"application\/ld+json\" class=\"yoast-schema-graph\">{\"@context\":\"https:\/\/schema.org\",\"@graph\":[{\"@type\":\"WebPage\",\"@id\":\"https:\/\/www.powerstore.it\/it\/\",\"url\":\"https:\/\/www.powerstore.it\/it\/\",\"name\":\"Home - Powerstore Computers\",\"isPartOf\":{\"@id\":\"https:\/\/www.powerstore.it\/#website\"},\"primaryImageOfPage\":{\"@id\":\"https:\/\/www.powerstore.it\/it\/#primaryimage\"},\"image\":{\"@id\":\"https:\/\/www.powerstore.it\/it\/#primaryimage\"},\"thumbnailUrl\":\"https:\/\/www.powerstore.it\/wp-content\/uploads\/2015\/06\/powerstore-2016-WEB-2-1024x683.jpg\",\"datePublished\":\"2015-06-12T13:19:52+00:00\",\"dateModified\":\"2024-09-03T10:45:17+00:00\",\"breadcrumb\":{\"@id\":\"https:\/\/www.powerstore.it\/it\/#breadcrumb\"},\"inLanguage\":\"it-IT\",\"potentialAction\":[{\"@type\":\"ReadAction\",\"target\":[\"https:\/\/www.powerstore.it\/it\/\"]}]},{\"@type\":\"ImageObject\",\"inLanguage\":\"it-IT\",\"@id\":\"https:\/\/www.powerstore.it\/it\/#primaryimage\",\"url\":\"https:\/\/www.powerstore.it\/wp-content\/uploads\/2015\/06\/powerstore-2016-WEB-2-1024x683.jpg\",\"contentUrl\":\"https:\/\/www.powerstore.it\/wp-content\/uploads\/2015\/06\/powerstore-2016-WEB-2-1024x683.jpg\"},{\"@type\":\"BreadcrumbList\",\"@id\":\"https:\/\/www.powerstore.it\/it\/#breadcrumb\",\"itemListElement\":[{\"@type\":\"ListItem\",\"position\":1,\"name\":\"Home\",\"item\":\"https:\/\/www.powerstore.it\/it\/\"},{\"@type\":\"ListItem\",\"position\":2,\"name\":\"Home\"}]},{\"@type\":\"WebSite\",\"@id\":\"https:\/\/www.powerstore.it\/#website\",\"url\":\"https:\/\/www.powerstore.it\/\",\"name\":\"Powerstore Computers\",\"description\":\"Weil Beratung sich auszahlt !\",\"potentialAction\":[{\"@type\":\"SearchAction\",\"target\":{\"@type\":\"EntryPoint\",\"urlTemplate\":\"https:\/\/www.powerstore.it\/?s={search_term_string}\"},\"query-input\":{\"@type\":\"PropertyValueSpecification\",\"valueRequired\":true,\"valueName\":\"search_term_string\"}}],\"inLanguage\":\"it-IT\"}]}<\/script>\n<!-- \/ Yoast SEO plugin. -->","yoast_head_json":{"title":"Home - Powerstore Computers","robots":{"index":"index","follow":"follow","max-snippet":"max-snippet:-1","max-image-preview":"max-image-preview:large","max-video-preview":"max-video-preview:-1"},"canonical":"https:\/\/www.powerstore.it\/it\/","og_locale":"it_IT","og_type":"article","og_title":"Home - Powerstore Computers","og_url":"https:\/\/www.powerstore.it\/it\/","og_site_name":"Powerstore Computers","article_modified_time":"2024-09-03T10:45:17+00:00","og_image":[{"url":"https:\/\/www.powerstore.it\/wp-content\/uploads\/2015\/06\/powerstore-2016-WEB-2-1024x683.jpg"}],"twitter_misc":{"Tempo di lettura stimato":"3 minuti"},"schema":{"@context":"https:\/\/schema.org","@graph":[{"@type":"WebPage","@id":"https:\/\/www.powerstore.it\/it\/","url":"https:\/\/www.powerstore.it\/it\/","name":"Home - Powerstore Computers","isPartOf":{"@id":"https:\/\/www.powerstore.it\/#website"},"primaryImageOfPage":{"@id":"https:\/\/www.powerstore.it\/it\/#primaryimage"},"image":{"@id":"https:\/\/www.powerstore.it\/it\/#primaryimage"},"thumbnailUrl":"https:\/\/www.powerstore.it\/wp-content\/uploads\/2015\/06\/powerstore-2016-WEB-2-1024x683.jpg","datePublished":"2015-06-12T13:19:52+00:00","dateModified":"2024-09-03T10:45:17+00:00","breadcrumb":{"@id":"https:\/\/www.powerstore.it\/it\/#breadcrumb"},"inLanguage":"it-IT","potentialAction":[{"@type":"ReadAction","target":["https:\/\/www.powerstore.it\/it\/"]}]},{"@type":"ImageObject","inLanguage":"it-IT","@id":"https:\/\/www.powerstore.it\/it\/#primaryimage","url":"https:\/\/www.powerstore.it\/wp-content\/uploads\/2015\/06\/powerstore-2016-WEB-2-1024x683.jpg","contentUrl":"https:\/\/www.powerstore.it\/wp-content\/uploads\/2015\/06\/powerstore-2016-WEB-2-1024x683.jpg"},{"@type":"BreadcrumbList","@id":"https:\/\/www.powerstore.it\/it\/#breadcrumb","itemListElement":[{"@type":"ListItem","position":1,"name":"Home","item":"https:\/\/www.powerstore.it\/it\/"},{"@type":"ListItem","position":2,"name":"Home"}]},{"@type":"WebSite","@id":"https:\/\/www.powerstore.it\/#website","url":"https:\/\/www.powerstore.it\/","name":"Powerstore Computers","description":"Weil Beratung sich auszahlt !","potentialAction":[{"@type":"SearchAction","target":{"@type":"EntryPoint","urlTemplate":"https:\/\/www.powerstore.it\/?s={search_term_string}"},"query-input":{"@type":"PropertyValueSpecification","valueRequired":true,"valueName":"search_term_string"}}],"inLanguage":"it-IT"}]}},"_links":{"self":[{"href":"https:\/\/www.powerstore.it\/it\/wp-json\/wp\/v2\/pages\/4291"}],"collection":[{"href":"https:\/\/www.powerstore.it\/it\/wp-json\/wp\/v2\/pages"}],"about":[{"href":"https:\/\/www.powerstore.it\/it\/wp-json\/wp\/v2\/types\/page"}],"author":[{"embeddable":true,"href":"https:\/\/www.powerstore.it\/it\/wp-json\/wp\/v2\/users\/1"}],"replies":[{"embeddable":true,"href":"https:\/\/www.powerstore.it\/it\/wp-json\/wp\/v2\/comments?post=4291"}],"version-history":[{"count":109,"href":"https:\/\/www.powerstore.it\/it\/wp-json\/wp\/v2\/pages\/4291\/revisions"}],"predecessor-version":[{"id":4710,"href":"https:\/\/www.powerstore.it\/it\/wp-json\/wp\/v2\/pages\/4291\/revisions\/4710"}],"wp:attachment":[{"href":"https:\/\/www.powerstore.it\/it\/wp-json\/wp\/v2\/media?parent=4291"}],"curies":[{"name":"wp","href":"https:\/\/api.w.org\/{rel}","templated":true}]}}